{"id":5609,"date":"2025-07-14T15:52:36","date_gmt":"2025-07-14T13:52:36","guid":{"rendered":"https:\/\/tevizja.pl\/kampusy\/"},"modified":"2026-02-18T16:26:10","modified_gmt":"2026-02-18T15:26:10","slug":"kampusy","status":"publish","type":"page","link":"https:\/\/tevizja.pl\/uk\/kampusy\/","title":{"rendered":"\u041a\u0430\u043c\u043f\u0443\u0441\u0438 TE Vizja \u2014 \u0412\u0430\u0440\u0448\u0430\u0432\u0430 \u0442\u0430 \u0413\u0434\u0430\u043d\u0441\u044c\u043a"},"content":{"rendered":"","protected":false},"excerpt":{"rendered":"","protected":false},"author":22,"featured_media":0,"parent":0,"menu_order":0,"comment_status":"closed","ping_status":"closed","template":"page-campus_parent.php","meta":{"_acf_changed":false,"footnotes":""},"class_list":["post-5609","page","type-page","status-publish","hentry"],"acf":[],"yoast_head":"<!-- This site is optimized with the Yoast SEO plugin v26.4 - https:\/\/yoast.com\/wordpress\/plugins\/seo\/ -->\n<title>Kampusy TE VIZJA \u2013 prywatne liceum, szko\u0142a, przedszkole | Warszawa, Gda\u0144sk<\/title>\n<meta name=\"description\" content=\"Poznaj kampusy edukacyjne TE Vizja: prywatny \u017c\u0142obek, przedszkola, szko\u0142y podstawowe i licea w Warszawie i Gda\u0144sku. Nowoczesna i bezpieczna edukacja.\" \/>\n<meta name=\"robots\" content=\"index, follow, max-snippet:-1, max-image-preview:large, max-video-preview:-1\" \/>\n<link rel=\"canonical\" href=\"https:\/\/tevizja.pl\/uk\/kampusy\/\" \/>\n<meta property=\"og:locale\" content=\"uk_UA\" \/>\n<meta property=\"og:type\" content=\"article\" \/>\n<meta property=\"og:title\" content=\"Kampusy TE VIZJA \u2013 prywatne liceum, szko\u0142a, przedszkole | Warszawa, Gda\u0144sk\" \/>\n<meta property=\"og:description\" content=\"Poznaj kampusy edukacyjne TE Vizja: prywatny \u017c\u0142obek, przedszkola, szko\u0142y podstawowe i licea w Warszawie i Gda\u0144sku. Nowoczesna i bezpieczna edukacja.\" \/>\n<meta property=\"og:url\" content=\"https:\/\/tevizja.pl\/uk\/kampusy\/\" \/>\n<meta property=\"og:site_name\" content=\"\u041f\u0440\u043e\u0441\u0432\u0456\u0442\u043d\u0438\u0446\u044c\u043a\u0435 \u0442\u043e\u0432\u0430\u0440\u0438\u0441\u0442\u0432\u043e TE Vizja\" \/>\n<meta property=\"article:modified_time\" content=\"2026-02-18T15:26:10+00:00\" \/>\n<meta name=\"twitter:card\" content=\"summary_large_image\" \/>\n<script type=\"application\/ld+json\" class=\"yoast-schema-graph\">{\"@context\":\"https:\/\/schema.org\",\"@graph\":[{\"@type\":\"WebPage\",\"@id\":\"https:\/\/tevizja.pl\/uk\/kampusy\/\",\"url\":\"https:\/\/tevizja.pl\/uk\/kampusy\/\",\"name\":\"Kampusy TE VIZJA \u2013 prywatne liceum, szko\u0142a, przedszkole | Warszawa, Gda\u0144sk\",\"isPartOf\":{\"@id\":\"https:\/\/tevizja.pl\/uk\/#website\"},\"datePublished\":\"2025-07-14T13:52:36+00:00\",\"dateModified\":\"2026-02-18T15:26:10+00:00\",\"description\":\"Poznaj kampusy edukacyjne TE Vizja: prywatny \u017c\u0142obek, przedszkola, szko\u0142y podstawowe i licea w Warszawie i Gda\u0144sku. Nowoczesna i bezpieczna edukacja.\",\"breadcrumb\":{\"@id\":\"https:\/\/tevizja.pl\/uk\/kampusy\/#breadcrumb\"},\"inLanguage\":\"uk\",\"potentialAction\":[{\"@type\":\"ReadAction\",\"target\":[\"https:\/\/tevizja.pl\/uk\/kampusy\/\"]}]},{\"@type\":\"BreadcrumbList\",\"@id\":\"https:\/\/tevizja.pl\/uk\/kampusy\/#breadcrumb\",\"itemListElement\":[{\"@type\":\"ListItem\",\"position\":1,\"name\":\"Strona g\u0142\u00f3wna\",\"item\":\"https:\/\/tevizja.pl\/uk\/\"},{\"@type\":\"ListItem\",\"position\":2,\"name\":\"\u041a\u0430\u043c\u043f\u0443\u0441\u0438 TE Vizja \u2014 \u0412\u0430\u0440\u0448\u0430\u0432\u0430 \u0442\u0430 \u0413\u0434\u0430\u043d\u0441\u044c\u043a\"}]},{\"@type\":\"WebSite\",\"@id\":\"https:\/\/tevizja.pl\/uk\/#website\",\"url\":\"https:\/\/tevizja.pl\/uk\/\",\"name\":\"Towarzystwo Edukacyjne Vizja\",\"description\":\"\u041f\u0440\u043e\u0441\u0432\u0456\u0442\u043d\u0438\u0446\u044c\u043a\u0435 \u0442\u043e\u0432\u0430\u0440\u0438\u0441\u0442\u0432\u043e  TE Vizja\",\"publisher\":{\"@id\":\"https:\/\/tevizja.pl\/uk\/#organization\"},\"potentialAction\":[{\"@type\":\"SearchAction\",\"target\":{\"@type\":\"EntryPoint\",\"urlTemplate\":\"https:\/\/tevizja.pl\/uk\/?s={search_term_string}\"},\"query-input\":{\"@type\":\"PropertyValueSpecification\",\"valueRequired\":true,\"valueName\":\"search_term_string\"}}],\"inLanguage\":\"uk\"},{\"@type\":\"Organization\",\"@id\":\"https:\/\/tevizja.pl\/uk\/#organization\",\"name\":\"Towarzystwo Edukacyjne Vizja\",\"url\":\"https:\/\/tevizja.pl\/uk\/\",\"logo\":{\"@type\":\"ImageObject\",\"inLanguage\":\"uk\",\"@id\":\"https:\/\/tevizja.pl\/uk\/#\/schema\/logo\/image\/\",\"url\":\"https:\/\/tevizja.pl\/wp-content\/uploads\/2024\/01\/TEVIZJA_logo.png\",\"contentUrl\":\"https:\/\/tevizja.pl\/wp-content\/uploads\/2024\/01\/TEVIZJA_logo.png\",\"width\":245,\"height\":59,\"caption\":\"Towarzystwo Edukacyjne Vizja\"},\"image\":{\"@id\":\"https:\/\/tevizja.pl\/uk\/#\/schema\/logo\/image\/\"}}]}<\/script>\n<!-- \/ Yoast SEO plugin. -->","yoast_head_json":{"title":"Kampusy TE VIZJA \u2013 prywatne liceum, szko\u0142a, przedszkole | Warszawa, Gda\u0144sk","description":"Poznaj kampusy edukacyjne TE Vizja: prywatny \u017c\u0142obek, przedszkola, szko\u0142y podstawowe i licea w Warszawie i Gda\u0144sku. Nowoczesna i bezpieczna edukacja.","robots":{"index":"index","follow":"follow","max-snippet":"max-snippet:-1","max-image-preview":"max-image-preview:large","max-video-preview":"max-video-preview:-1"},"canonical":"https:\/\/tevizja.pl\/uk\/kampusy\/","og_locale":"uk_UA","og_type":"article","og_title":"Kampusy TE VIZJA \u2013 prywatne liceum, szko\u0142a, przedszkole | Warszawa, Gda\u0144sk","og_description":"Poznaj kampusy edukacyjne TE Vizja: prywatny \u017c\u0142obek, przedszkola, szko\u0142y podstawowe i licea w Warszawie i Gda\u0144sku. Nowoczesna i bezpieczna edukacja.","og_url":"https:\/\/tevizja.pl\/uk\/kampusy\/","og_site_name":"\u041f\u0440\u043e\u0441\u0432\u0456\u0442\u043d\u0438\u0446\u044c\u043a\u0435 \u0442\u043e\u0432\u0430\u0440\u0438\u0441\u0442\u0432\u043e TE Vizja","article_modified_time":"2026-02-18T15:26:10+00:00","twitter_card":"summary_large_image","schema":{"@context":"https:\/\/schema.org","@graph":[{"@type":"WebPage","@id":"https:\/\/tevizja.pl\/uk\/kampusy\/","url":"https:\/\/tevizja.pl\/uk\/kampusy\/","name":"Kampusy TE VIZJA \u2013 prywatne liceum, szko\u0142a, przedszkole | Warszawa, Gda\u0144sk","isPartOf":{"@id":"https:\/\/tevizja.pl\/uk\/#website"},"datePublished":"2025-07-14T13:52:36+00:00","dateModified":"2026-02-18T15:26:10+00:00","description":"Poznaj kampusy edukacyjne TE Vizja: prywatny \u017c\u0142obek, przedszkola, szko\u0142y podstawowe i licea w Warszawie i Gda\u0144sku. Nowoczesna i bezpieczna edukacja.","breadcrumb":{"@id":"https:\/\/tevizja.pl\/uk\/kampusy\/#breadcrumb"},"inLanguage":"uk","potentialAction":[{"@type":"ReadAction","target":["https:\/\/tevizja.pl\/uk\/kampusy\/"]}]},{"@type":"BreadcrumbList","@id":"https:\/\/tevizja.pl\/uk\/kampusy\/#breadcrumb","itemListElement":[{"@type":"ListItem","position":1,"name":"Strona g\u0142\u00f3wna","item":"https:\/\/tevizja.pl\/uk\/"},{"@type":"ListItem","position":2,"name":"\u041a\u0430\u043c\u043f\u0443\u0441\u0438 TE Vizja \u2014 \u0412\u0430\u0440\u0448\u0430\u0432\u0430 \u0442\u0430 \u0413\u0434\u0430\u043d\u0441\u044c\u043a"}]},{"@type":"WebSite","@id":"https:\/\/tevizja.pl\/uk\/#website","url":"https:\/\/tevizja.pl\/uk\/","name":"Towarzystwo Edukacyjne Vizja","description":"\u041f\u0440\u043e\u0441\u0432\u0456\u0442\u043d\u0438\u0446\u044c\u043a\u0435 \u0442\u043e\u0432\u0430\u0440\u0438\u0441\u0442\u0432\u043e  TE Vizja","publisher":{"@id":"https:\/\/tevizja.pl\/uk\/#organization"},"potentialAction":[{"@type":"SearchAction","target":{"@type":"EntryPoint","urlTemplate":"https:\/\/tevizja.pl\/uk\/?s={search_term_string}"},"query-input":{"@type":"PropertyValueSpecification","valueRequired":true,"valueName":"search_term_string"}}],"inLanguage":"uk"},{"@type":"Organization","@id":"https:\/\/tevizja.pl\/uk\/#organization","name":"Towarzystwo Edukacyjne Vizja","url":"https:\/\/tevizja.pl\/uk\/","logo":{"@type":"ImageObject","inLanguage":"uk","@id":"https:\/\/tevizja.pl\/uk\/#\/schema\/logo\/image\/","url":"https:\/\/tevizja.pl\/wp-content\/uploads\/2024\/01\/TEVIZJA_logo.png","contentUrl":"https:\/\/tevizja.pl\/wp-content\/uploads\/2024\/01\/TEVIZJA_logo.png","width":245,"height":59,"caption":"Towarzystwo Edukacyjne Vizja"},"image":{"@id":"https:\/\/tevizja.pl\/uk\/#\/schema\/logo\/image\/"}}]}},"_links":{"self":[{"href":"https:\/\/tevizja.pl\/uk\/wp-json\/wp\/v2\/pages\/5609","targetHints":{"allow":["GET"]}}],"collection":[{"href":"https:\/\/tevizja.pl\/uk\/wp-json\/wp\/v2\/pages"}],"about":[{"href":"https:\/\/tevizja.pl\/uk\/wp-json\/wp\/v2\/types\/page"}],"author":[{"embeddable":true,"href":"https:\/\/tevizja.pl\/uk\/wp-json\/wp\/v2\/users\/22"}],"replies":[{"embeddable":true,"href":"https:\/\/tevizja.pl\/uk\/wp-json\/wp\/v2\/comments?post=5609"}],"version-history":[{"count":7,"href":"https:\/\/tevizja.pl\/uk\/wp-json\/wp\/v2\/pages\/5609\/revisions"}],"predecessor-version":[{"id":6745,"href":"https:\/\/tevizja.pl\/uk\/wp-json\/wp\/v2\/pages\/5609\/revisions\/6745"}],"wp:attachment":[{"href":"https:\/\/tevizja.pl\/uk\/wp-json\/wp\/v2\/media?parent=5609"}],"curies":[{"name":"wp","href":"https:\/\/api.w.org\/{rel}","templated":true}]}}